{"id":462,"date":"2020-01-16T12:01:00","date_gmt":"2020-01-16T11:01:00","guid":{"rendered":"http:\/\/kefispitia.com\/?page_id=462"},"modified":"2020-09-05T10:50:16","modified_gmt":"2020-09-05T08:50:16","slug":"guest-reviews","status":"publish","type":"page","link":"https:\/\/kefispitia.com\/index.php\/guest-reviews\/","title":{"rendered":"Guest reviews"},"content":{"rendered":"\n<p class=\"has-text-color has-medium-font-size has-vivid-cyan-blue-color\"><strong>Awesome guest house in Kefalonia &#8211; Kefi Spitia You ! <\/strong>       August 2020    Antoine M (Normandie)<\/p>\n\n\n\n<p>Kefi means joy and happiness in Greek. We have spent 12 extraordinary days at Kefi Spitia in August 2020 in this wonderful guest house. The location is stunning between mountains and the turquoise greek sea, with a 180 \u00b0 view on the awesome bay of Lourdata beach. Margaux and Emmanuel who built and run this piece of paradise are two french adorable fellows who treated us so well. There are different lovely bungalows very confortable, decorated with a french greek touch. The pool is huge and perfect to read a book, relax or to have a small snap. I will never forget our incredible stay there and I have only one thought : to come back again next year !<\/p>\n\n\n\n<p class=\"has-text-color has-medium-font-size has-vivid-cyan-blue-color\"><strong>Thank You ! <\/strong>       August 2020    Lucy W (UK)<\/p>\n\n\n\n<p>We just wanted to say a HUGE thank you for our stay at Kefi Spitia, we had the best time and you looked after us so well! We\u2019re really missing those amazing breakfasts!!! We feel so lucky to have stolen such a fantastic holiday in these crazy times&#8230;even more so as it is pouring with rain here!!!<\/p>\n\n\n\n<p>Many thanks again and I\u2019m certain we will be back again some day!!!<\/p>\n\n\n\n<p>Good luck with the rest of the season and well done again on creating such a fabulous place!!<\/p>\n\n\n\n<p class=\"has-text-color has-medium-font-size has-vivid-cyan-blue-color\"><strong>Un lieu magique ! <\/strong>       Juillet 2020    Arianna G (France)<\/p>\n\n\n\n<p>Nous venons de passer 4 jours merveilleux en famille \u00e0 Kefi Spitia : un lieu magique, des h\u00f4tes chaleureux , toujours aux petits soins et avec de tr\u00e8s bon conseils.&nbsp;<br>Un s\u00e9jour inoubliable que je vous recommande vivement.&nbsp;<br>Nous reviendrons, c\u2019est s\u00fbr.<\/p>\n\n\n\n<p>Le lieu est calme, avec un panorama incroyable, des chambres spacieuses et une piscine de r\u00eave.<\/p>\n\n\n\n<p>Merci \u00e0 Margaux et Emmanuel<\/p>\n\n\n\n<p class=\"has-text-color has-medium-font-size has-vivid-cyan-blue-color\"><strong>Une guesthouse o\u00f9 il fait tr\u00e8s bon vivre ! <\/strong>       September 2019     Guillaume H (France)<\/p>\n\n\n\n<p>Les chambres sont d\u00e9cor\u00e9es  avec beaucoup de go\u00fbt, spacieuses et bien pens\u00e9es. La vue des chambres  est magnifique sur la baie \u00e0 tout moment de la journ\u00e9e. L&#8217;accueil des  h\u00f4tes est tr\u00e8s appr\u00e9ciable, ils connaissent bien la r\u00e9gion et ont de  bons conseils pour visiter les diff\u00e9rents sites de l&#8217;\u00eele et ses  environs. Je reviendrai avec plaisir !  <\/p>\n\n\n\n<p class=\"has-text-color has-medium-font-size has-vivid-cyan-blue-color\"><strong>A wonderful stay in a magical place :<\/strong>     July 2019                                                            Matthieu B (France)<\/p>\n\n\n\n<p>I had a wonderful stay at Kefi Spitia in July 2019 at the opening of the Guest House. The place is amazing, quite close to Lourdas Beach and its tavernas and bars and in the middle of olive trees. You only hear goat bells which is very restfull. My room was very confortable and very nice looking with a modern bohemian style.  The view from the room on Lourdas Bay is unique whatever the time of the day. Sunsets are different every evening. The pool is bigger than in other guest houses and the pool terrace is the ideal place to have a drink at the end of the day.  Breakfast, prepared by the owners is generous with home made fresh bread and viennoiseries, squeezed orange juice, local marmelades and honey\u2026  Dinner under the pergola is simple mixing greek  and french tastes. <\/p>\n\n\n\n<p><strong>I am sure I will come back next summer.<\/strong><\/p>\n\n\n\n<p class=\"has-text-color has-medium-font-size has-vivid-cyan-blue-color\"><strong>This brand new guest house is a magic place:<\/strong>      Ao\u00fbt 2019       Catherine P (France)<\/p>\n\n\n\n<p> Magique pour sa vue exceptionnelle, entre la montagne et la mer, sans aucun voisin, tout en \u00e9tant \u00e0 700m de la plage. Magique pour son design, son \u00e9l\u00e9gance, son confort, son concept et son immense piscine divine.<br> Magique par l&#8217;accueil inconditionnel de ses h\u00f4tes Margaux et Emmanuel,  qui avec leur joie de vivre, leur sourire radieux et surtout l&#8217;envie de  vous faire plaisir rendront votre s\u00e9jour inoubliable. <br> L&#8217;\u00eele regorge  de plages insens\u00e9es inconnues des touristes, de bleus somptueux,  d&#8217;oliviers, de vignes et d&#8217;habitants tellement charmants.<br> Cette maison de 9 bungalows peut se privatiser pour une semaine ou un week-end  en famille ou entre amis. Bien mieux qu&#8217;une villa.<br> Je vous souhaite d&#8217;excellentes vacances \u00e0 tous.<\/p>\n\n\n\n<p class=\"has-text-color has-medium-font-size has-vivid-cyan-blue-color\"><strong>H\u00e2te de revenir dans ce lieu magique ! : <\/strong>    Aout 2019  by Sandrine D (France)<\/p>\n\n\n\n<p>Perch\u00e9es sur une colline au pied du mont Ainos dans la baie de Lourdata, les chambres ont toutes une vue \u00e0 couper le souffle !<br>\nUne explosion de bleu et vert dans ce lieu paisible et ressour\u00e7ant.<br>\nPetits d\u00e9jeuners avec fruits frais, pain et croissants maison tous les jours, un d\u00e9lice pour d\u00e9marrer la journ\u00e9e \u00e0 la d\u00e9couverte des criques et plages paradisiaques ou de farniente au bord de la piscine turquoise\u2026<br>\nMerci \u00e0 Margaux et Emmanuel pour votre accueil et vos conseils pour d\u00e9couvrir les charmes insoup\u00e7onn\u00e9s de Kefalonia !<\/p>\n\n\n\n<p class=\"has-text-color has-medium-font-size has-vivid-cyan-blue-color\"> <strong>Kindness and exceptional welcome :<\/strong> August 2019 by Magali G<\/p>\n\n\n\n<p>  in a magnificent, tastefully decorated designer house where you feel at home.<br> A daydream ! Exceptional hosts who can book your activities, advise you on incredible discoveries of this magical island!<br> From sea to sky, blue color like never before! And yet I am Corsican !!<br> Breathtaking sunsets, to admire whatever your location on the property.<br> The breakfast (pastries, bread, homemade jams) is delicious and plentiful.<br> High level service. Beautiful large well decorated rooms, very comfortable bedding and high-end and refined linens.<br> Everything is incredible, the hospitality of the hosts, the cleanliness of the place, the comfort of the room, the delicious breakfast, the view of the property, the swimming pool, the garden layouts \u2026<br> Rare kindness, as if you were family!<br><strong> Reservation made for summer 2020! So looking forward to going back!<\/strong><\/p>\n\n\n\n<p class=\"has-text-color has-medium-font-size has-vivid-cyan-blue-color\"><strong>The perfect place to rest :    <\/strong>  September 2019                                                                                                          by Tylane H (Nouvelle Cal\u00e9donie)<\/p>\n\n\n\n<p>Une vue incroyable, une architecture bien pens\u00e9e, des int\u00e9rieurs design, enfin bref un endroit parfait o\u00f9 se reposer, se re-d\u00e9couvrir et appr\u00e9cier mais \u00e9galement y rencontrer des personnes g\u00e9niales comme les h\u00f4tes !<\/p>\n\n\n\n<p class=\"has-text-color has-medium-font-size has-vivid-cyan-blue-color\"><strong>The perfect place to rest and meditat<\/strong>e :    September 2019  by <a href=\"https:\/\/www.facebook.com\/profile.php?id=100000619036784&amp;__tn__=%2CdlC-R-R&amp;eid=ARA_kXSSTGRb_CdeRxE4WxQ1BEpUh5FDxOPizwDTvFxMUuVoysH7-MmmCckOHOGkwq5waBcmlKwEn0V0&amp;hc_ref=ARR6k2uzBTraZUD-D3SKUGT3DtYzCwi-J7NuzCEGcz1DW0eZ87V5oULx4rb2drNtczo&amp;ref=nf_target\">\u0397\u039b\u0399\u0391\u03a3 \u03a0\u0395\u03a4\u03a1\u0399\u0394\u0397\u03a3<\/a> (Greece)<\/p>\n\n\n\n<p>\u03c4\u03bf  \u03c4\u03ad\u03bb\u03b5\u03b9\u03bf \u03bc\u03ad\u03c1\u03bf\u03c2 \u03b3\u03b9\u03b1 \u03b7\u03c1\u03b5\u03bc\u03af\u03b1 \u03ba\u03b1\u03b9 \u03ad\u03bc\u03c0\u03bd\u03b5\u03c5\u03c3\u03b7<\/p>\n\n\n\n<p class=\"has-text-color has-medium-font-size has-vivid-cyan-blue-color\"><strong>Nice location, incredible design: <\/strong>   June 2019 by V\u00e9ronique G (France)<\/p>\n\n\n\n<p>La  situation magnifique, la vue incroyable, les h\u00f4tes adorables et cool,   la d\u00e9co raffin\u00e9e, la piscine turquoise ! Une p\u00e9pite pour d\u00e9compresser et  se reconnecter avec les vraies valeurs de la vie!<\/p>\n","protected":false},"excerpt":{"rendered":"<p>Awesome guest house in Kefalonia &#8211; Kefi Spitia You ! August 2020 Antoine M (Normandie) Kefi means joy and happiness in Greek. We have spent 12 extraordinary days at Kefi Spitia in August 2020 in this wonderful guest house. The location is stunning between mountains and the turquoise greek sea, with a 180 \u00b0 view &hellip; <\/p>\n<p class=\"link-more\"><a href=\"https:\/\/kefispitia.com\/index.php\/guest-reviews\/\" class=\"more-link\">Continue reading<span class=\"screen-reader-text\"> &#8220;Guest reviews&#8221;<\/span><\/a><\/p>\n","protected":false},"author":1,"featured_media":75,"parent":0,"menu_order":0,"comment_status":"closed","ping_status":"closed","template":"","meta":{"footnotes":""},"_links":{"self":[{"href":"https:\/\/kefispitia.com\/index.php\/wp-json\/wp\/v2\/pages\/462"}],"collection":[{"href":"https:\/\/kefispitia.com\/index.php\/wp-json\/wp\/v2\/pages"}],"about":[{"href":"https:\/\/kefispitia.com\/index.php\/wp-json\/wp\/v2\/types\/page"}],"author":[{"embeddable":true,"href":"https:\/\/kefispitia.com\/index.php\/wp-json\/wp\/v2\/users\/1"}],"replies":[{"embeddable":true,"href":"https:\/\/kefispitia.com\/index.php\/wp-json\/wp\/v2\/comments?post=462"}],"version-history":[{"count":25,"href":"https:\/\/kefispitia.com\/index.php\/wp-json\/wp\/v2\/pages\/462\/revisions"}],"predecessor-version":[{"id":726,"href":"https:\/\/kefispitia.com\/index.php\/wp-json\/wp\/v2\/pages\/462\/revisions\/726"}],"wp:featuredmedia":[{"embeddable":true,"href":"https:\/\/kefispitia.com\/index.php\/wp-json\/wp\/v2\/media\/75"}],"wp:attachment":[{"href":"https:\/\/kefispitia.com\/index.php\/wp-json\/wp\/v2\/media?parent=462"}],"curies":[{"name":"wp","href":"https:\/\/api.w.org\/{rel}","templated":true}]}}