{"id":1144,"date":"2025-10-27T08:35:44","date_gmt":"2025-10-27T07:35:44","guid":{"rendered":"https:\/\/kefispitia.com\/?page_id=1144"},"modified":"2026-01-17T16:01:30","modified_gmt":"2026-01-17T15:01:30","slug":"kefi-consulting-pour-votre-projet-a-kefalonia","status":"publish","type":"page","link":"https:\/\/kefispitia.com\/index.php\/kefi-consulting-pour-votre-projet-a-kefalonia\/","title":{"rendered":"Kefi Consulting"},"content":{"rendered":"\n<h2 class=\"wp-block-heading\"><strong>Kefi Consulting for your project In Kefalonia<\/strong><\/h2>\n\n\n\n<p><strong>Kefi Consulting<\/strong> was born from two key observations:<\/p>\n\n\n\n<p><strong>Firstly<\/strong>, there are significant cultural and regulatory differences between Greece and France and the Netherlands when it comes to real estate and building.<\/p>\n\n\n\n<p><strong>Secondly<\/strong>, we wanted to help French- and Dutch-speaking clients to benefit from our experience navigating in these cultural nuances \u2014 and from our proven ability to lead successful real estate investment projects on the island of Kefalonia.<\/p>\n\n\n\n<p>Margaux, originally from the Netherlands and raised in France, and Emmanuel, French, speak <strong>French, Dutch, English, and German<\/strong> fluently, have a good command of <strong>Spanish and Italian<\/strong>, and are improving their <strong>Greek<\/strong> every day.<\/p>\n\n\n\n<p>Before starting our first project in Kefalonia in 2017, we both led numerous real estate projects \u2014 <strong>property acquisitions, renovations, and the construction of unique spaces<\/strong>.<br>Margaux notably supervised several exceptional developments for <strong>international luxury brands<\/strong>, while Emmanuel sold many <strong>high-end properties in the Paris area<\/strong>.<\/p>\n\n\n\n<p>Since settling on the island, we have built a strong and trusted network of <strong>local professionals<\/strong> covering every step of the process \u2014 from acquisition and construction to decoration and property management.<\/p>\n\n\n\n<p>By fully embracing the <strong>Greek spirit<\/strong> in our work, we now act as <strong>facilitators<\/strong> between our clients and local partners, helping to bridge cultural differences and avoid misunderstandings that often arise from different ways of working.<\/p>\n\n\n\n<h3 class=\"wp-block-heading\"><strong>Our Services<\/strong><\/h3>\n\n\n\n<p>After defining a <strong>detailed brief<\/strong> together, we can:<\/p>\n\n\n\n<p><strong>Pre-select<\/strong> plots or properties that meet your criteria;<\/p>\n\n\n\n<p><strong>Connect you<\/strong> with our trusted network of professionals (real estate agents, lawyers, accountants, bankers, architects, engineers, contractors, suppliers, decorators, landscape designers, and more);<\/p>\n\n\n\n<p><strong>Advise you<\/strong> on interior design and decoration, drawing on our experience and attention to detail.<\/p>\n\n\n\n<p>We also provide <strong>comprehensive project supervision<\/strong>, including:<\/p>\n\n\n\n<p><strong>Regular site visits<\/strong> and detailed <strong>progress reports<\/strong> after every meeting with contractors;<\/p>\n\n\n\n<p><strong>Close monitoring of construction quality<\/strong>, helping to prevent potential issues or defects;<\/p>\n\n\n\n<p><strong>Furniture and d\u00e9cor sourcing<\/strong>, to create a <strong>personalized holiday home<\/strong>, ready for you to move in and enjoy from day one.<\/p>\n\n\n\n<p>Finally, we connect you with reliable <strong>local partners<\/strong> to handle the <strong>maintenance<\/strong> of your home and the <strong>management of seasonal rentals<\/strong>.<\/p>\n\n\n\n<p><strong>Kefi Consulting the best solution to ease your project<\/strong>.<\/p>\n\n\n\n<p>Contact us to discuss about your project : contact@kefispitia.com<\/p>\n\n\n\n<h2 class=\"wp-block-heading\"><strong>Pour votre projet en C\u00e9phalonie<\/strong><\/h2>\n\n\n\n<p><strong>Kefi Consulting<\/strong> est n\u00e9e de deux constats :<\/p>\n\n\n\n<p><strong>D\u2019une part<\/strong>, il existe une v\u00e9ritable diff\u00e9rence, \u00e0 la fois culturelle et r\u00e9glementaire, entre la Gr\u00e8ce, la France et les Pays-Bas dans le domaine de l\u2019immobilier et de la construction.<\/p>\n\n\n\n<p><strong>D\u2019autre part<\/strong>, nous souhaitions permettre aux francophones et n\u00e9erlandophones de b\u00e9n\u00e9ficier de notre exp\u00e9rience de cette double culture et de notre savoir-faire dans la r\u00e9alisation de projets immobiliers en C\u00e9phalonie.<\/p>\n\n\n\n<p>Margaux, d\u2019origine n\u00e9erlandaise et ayant grandi en France, et Emmanuel, fran\u00e7ais, parlent couramment <strong>fran\u00e7ais, n\u00e9erlandais, anglais et allemand<\/strong>, pratiquent <strong>l\u2019espagnol et l\u2019italien<\/strong>, et perfectionnent chaque jour leur <strong>grec<\/strong>.<\/p>\n\n\n\n<p>Avant de lancer notre premier projet en 2017 en C\u00e9phalonie, nous avons men\u00e9 de nombreux projets dans l\u2019immobilier : <strong>achats, r\u00e9novations et constructions de lieux d\u2019exception<\/strong>.<br>Margaux a notamment supervis\u00e9 la r\u00e9alisation de plusieurs espaces uniques pour des <strong>marques internationales du luxe<\/strong>, tandis qu\u2019Emmanuel a vendu de nombreuses <strong>propri\u00e9t\u00e9s haut de gamme en r\u00e9gion parisienne<\/strong>.<\/p>\n\n\n\n<p>Depuis notre installation sur l\u2019\u00eele, nous avons b\u00e2ti un r\u00e9seau solide et de confiance avec des <strong>professionnels locaux<\/strong> de qualit\u00e9, couvrant toutes les \u00e9tapes de l\u2019acquisition, de la construction, de la d\u00e9coration et de la gestion immobili\u00e8re.<\/p>\n\n\n\n<p>En int\u00e9grant pleinement <strong>l\u2019esprit grec<\/strong> dans nos pratiques, nous sommes aujourd\u2019hui capables d\u2019agir comme <strong>facilitateurs<\/strong> entre nos clients et les acteurs locaux, r\u00e9duisant ainsi les risques d\u2019incompr\u00e9hensions li\u00e9s aux diff\u00e9rences culturelles et aux m\u00e9thodes de travail.<\/p>\n\n\n\n<hr class=\"wp-block-separator has-alpha-channel-opacity\"\/>\n\n\n\n<h3 class=\"wp-block-heading\"><strong>Nos services<\/strong><\/h3>\n\n\n\n<p>Apr\u00e8s avoir d\u00e9fini avec vous un <strong>cahier des charges pr\u00e9cis<\/strong>, nous pouvons :<\/p>\n\n\n\n<p><strong>Pr\u00e9-s\u00e9lectionner<\/strong> des terrains ou des biens correspondant \u00e0 vos crit\u00e8res ;<\/p>\n\n\n\n<p>Vous <strong>mettre en relation<\/strong> avec notre r\u00e9seau de professionnels (agents immobiliers, avocats, comptables, banquiers, architectes, ing\u00e9nieurs, entrepreneurs, fournisseurs de mat\u00e9riaux, d\u00e9corateurs, paysagistes, etc.) ;<\/p>\n\n\n\n<p>Vous <strong>accompagner dans l\u2019am\u00e9nagement int\u00e9rieur<\/strong> et la d\u00e9coration, gr\u00e2ce \u00e0 notre exp\u00e9rience et \u00e0 notre sens du d\u00e9tail.<\/p>\n\n\n\n<p>Nous assurons \u00e9galement un <strong>suivi de chantier complet<\/strong>, avec :<\/p>\n\n\n\n<p>Des <strong>visites r\u00e9guli\u00e8res<\/strong> et des <strong>comptes rendus d\u00e9taill\u00e9s<\/strong> apr\u00e8s chaque r\u00e9union avec les entrepreneurs ;<\/p>\n\n\n\n<p>Une <strong>surveillance rigoureuse de la qualit\u00e9 des travaux<\/strong>, pour \u00e9viter toute malfa\u00e7on ;<\/p>\n\n\n\n<p>Le <strong>sourcing<\/strong> de votre mobilier et de votre d\u00e9coration afin de cr\u00e9er une <strong>maison de vacances \u00e0 votre image<\/strong>, pr\u00eate \u00e0 vivre \u2014 vous n\u2019aurez plus qu\u2019\u00e0 poser vos valises et profiter.<\/p>\n\n\n\n<p>Enfin, nous vous mettons en relation avec les <strong>prestataires locaux<\/strong> n\u00e9cessaires \u00e0 l\u2019entretien de votre maison et \u00e0 la <strong>gestion de vos locations saisonni\u00e8res<\/strong>.<\/p>\n\n\n\n<p><strong>Kefi Consulting, la meilleure solution pour faciliter votre projet<\/strong>.<\/p>\n\n\n\n<p>Contactez nous pour discuter de votre projet : contact@kefispitia.com<\/p>\n\n\n\n<hr class=\"wp-block-separator has-alpha-channel-opacity\"\/>\n","protected":false},"excerpt":{"rendered":"<p>Kefi Consulting for your project In Kefalonia Kefi Consulting was born from two key observations: Firstly, there are significant cultural and regulatory differences between Greece and France and the Netherlands when it comes to real estate and building. Secondly, we wanted to help French- and Dutch-speaking clients to benefit from our experience navigating in these &hellip; <\/p>\n<p class=\"link-more\"><a href=\"https:\/\/kefispitia.com\/index.php\/kefi-consulting-pour-votre-projet-a-kefalonia\/\" class=\"more-link\">Continue reading<span class=\"screen-reader-text\"> &#8220;Kefi Consulting&#8221;<\/span><\/a><\/p>\n","protected":false},"author":1,"featured_media":0,"parent":0,"menu_order":0,"comment_status":"closed","ping_status":"closed","template":"","meta":{"footnotes":""},"_links":{"self":[{"href":"https:\/\/kefispitia.com\/index.php\/wp-json\/wp\/v2\/pages\/1144"}],"collection":[{"href":"https:\/\/kefispitia.com\/index.php\/wp-json\/wp\/v2\/pages"}],"about":[{"href":"https:\/\/kefispitia.com\/index.php\/wp-json\/wp\/v2\/types\/page"}],"author":[{"embeddable":true,"href":"https:\/\/kefispitia.com\/index.php\/wp-json\/wp\/v2\/users\/1"}],"replies":[{"embeddable":true,"href":"https:\/\/kefispitia.com\/index.php\/wp-json\/wp\/v2\/comments?post=1144"}],"version-history":[{"count":11,"href":"https:\/\/kefispitia.com\/index.php\/wp-json\/wp\/v2\/pages\/1144\/revisions"}],"predecessor-version":[{"id":1360,"href":"https:\/\/kefispitia.com\/index.php\/wp-json\/wp\/v2\/pages\/1144\/revisions\/1360"}],"wp:attachment":[{"href":"https:\/\/kefispitia.com\/index.php\/wp-json\/wp\/v2\/media?parent=1144"}],"curies":[{"name":"wp","href":"https:\/\/api.w.org\/{rel}","templated":true}]}}